{"id":11,"date":"2020-12-03T07:41:16","date_gmt":"2020-12-03T07:41:16","guid":{"rendered":"https:\/\/suka.fi\/?page_id=11"},"modified":"2023-11-29T09:31:03","modified_gmt":"2023-11-29T09:31:03","slug":"sijoitustoiminta","status":"publish","type":"page","link":"https:\/\/suka.fi\/en\/sijoitustoiminta\/","title":{"rendered":"Investments"},"content":{"rendered":"<div data-elementor-type=\"wp-page\" data-elementor-id=\"11\" class=\"elementor elementor-11\">\n\t\t\t\t\t\t<section class=\"elementor-section elementor-top-section elementor-element elementor-element-531570cf elementor-section-boxed elementor-section-height-default elementor-section-height-default\" data-id=\"531570cf\" data-element_type=\"section\" data-e-type=\"section\">\n\t\t\t\t\t\t<div class=\"elementor-container elementor-column-gap-default\">\n\t\t\t\t\t<div class=\"elementor-column elementor-col-100 elementor-top-column elementor-element elementor-element-56711dd0\" data-id=\"56711dd0\" data-element_type=\"column\" data-e-type=\"column\">\n\t\t\t<div class=\"elementor-widget-wrap elementor-element-populated\">\n\t\t\t\t\t\t<div class=\"elementor-element elementor-element-70c99ef3 elementor-widget elementor-widget-text-editor\" data-id=\"70c99ef3\" data-element_type=\"widget\" data-e-type=\"widget\" data-widget_type=\"text-editor.default\">\n\t\t\t\t<div class=\"elementor-widget-container\">\n\t\t\t\t\t\t\t\t\t<p>We invest primarily in both domestic and foreing public listed companies. Added to direct stock acquisitions we do also very considered private equity investments. Responsibility and sustainability point of view is included to all of our activities in investing. Responsible investing means that also environmental, social and governance is taken into account in decision making.<\/p><p><\/p><p>Portfolio companies of Suka is consisted of Finnish quality and growth companies which have proven track record in global rivalry and do very important work for the wellbeing of entire nation. Diversified investment portfolio is complemented by a selected group of foreign stocks which are the winners of their own peer group and fulfill very specific stock selection criteria.<\/p><p><\/p><p>Advisor board is accountable of all the investments and the decision making progress is based on the vision of portfolio manager and the consensus of the advisor board.<\/p>\t\t\t\t\t\t\t\t<\/div>\n\t\t\t\t<\/div>\n\t\t\t\t\t<\/div>\n\t\t<\/div>\n\t\t\t\t\t<\/div>\n\t\t<\/section>\n\t\t\t\t<section class=\"elementor-section elementor-top-section elementor-element elementor-element-53a0e6d elementor-section-boxed elementor-section-height-default elementor-section-height-default\" data-id=\"53a0e6d\" data-element_type=\"section\" data-e-type=\"section\">\n\t\t\t\t\t\t<div class=\"elementor-container elementor-column-gap-default\">\n\t\t\t\t\t<div class=\"elementor-column elementor-col-100 elementor-top-column elementor-element elementor-element-11a421a\" data-id=\"11a421a\" data-element_type=\"column\" data-e-type=\"column\">\n\t\t\t<div class=\"elementor-widget-wrap elementor-element-populated\">\n\t\t\t\t\t\t<div class=\"elementor-element elementor-element-4e04ec0 elementor-widget elementor-widget-image\" data-id=\"4e04ec0\" data-element_type=\"widget\" data-e-type=\"widget\" data-widget_type=\"image.default\">\n\t\t\t\t<div class=\"elementor-widget-container\">\n\t\t\t\t\t\t\t\t\t\t\t\t\t\t\t<img fetchpriority=\"high\" decoding=\"async\" width=\"750\" height=\"500\" src=\"https:\/\/suka.fi\/wp-content\/uploads\/2021\/01\/iStock-825148240.jpg\" class=\"attachment-large size-large wp-image-198\" alt=\"Suka-yhti\u00f6t\" \/>\t\t\t\t\t\t\t\t\t\t\t\t\t\t\t<\/div>\n\t\t\t\t<\/div>\n\t\t\t\t\t<\/div>\n\t\t<\/div>\n\t\t\t\t\t<\/div>\n\t\t<\/section>\n\t\t\t\t<\/div>","protected":false},"excerpt":{"rendered":"<p>Sijoitamme ensisijaisesti kotimaisiin ja ulkomaisiin p\u00f6rssiyhti\u00f6ihin. Suorien osakesijoitusten lis\u00e4ksi teemme hyvin valikoidusti p\u00e4\u00e4omasijoituksia. Sijoitustoiminnassa vastuullisuus huomioidaan kaikissa allokaatioissa ja pyrimme omalla sijoitustoiminnalla edist\u00e4m\u00e4\u00e4n kest\u00e4v\u00e4\u00e4 kehityst\u00e4. Vastuullinen sijoittaminen tarkoittaa, ett\u00e4 otamme sijoitusp\u00e4\u00e4t\u00f6ksi\u00e4 tehdess\u00e4mme huomioon taloudellisten n\u00e4k\u00f6kohtien lis\u00e4ksi my\u00f6s ymp\u00e4rist\u00f6n, sosiaalisen vastuun ja hyv\u00e4n hallinnon n\u00e4k\u00f6kulmat. Suka-yhti\u00f6iden sijoituskohteet koostuvat innovatiivisista suomalaisista laatu- [&hellip;]<\/p>\n","protected":false},"author":1,"featured_media":235,"parent":0,"menu_order":0,"comment_status":"closed","ping_status":"closed","template":"","meta":{"footnotes":""},"class_list":["post-11","page","type-page","status-publish","has-post-thumbnail","hentry"],"yoast_head":"<!-- This site is optimized with the Yoast SEO plugin v25.8 - https:\/\/yoast.com\/wordpress\/plugins\/seo\/ -->\n<title>Sijoitustoiminta - SUKA-yhti\u00f6t<\/title>\n<meta name=\"robots\" content=\"index, follow, max-snippet:-1, max-image-preview:large, max-video-preview:-1\" \/>\n<link rel=\"canonical\" href=\"https:\/\/suka.fi\/en\/sijoitustoiminta\/\" \/>\n<meta property=\"og:locale\" content=\"en_US\" \/>\n<meta property=\"og:type\" content=\"article\" \/>\n<meta property=\"og:title\" content=\"Sijoitustoiminta - SUKA-yhti\u00f6t\" \/>\n<meta property=\"og:description\" content=\"Sijoitamme ensisijaisesti kotimaisiin ja ulkomaisiin p\u00f6rssiyhti\u00f6ihin. Suorien osakesijoitusten lis\u00e4ksi teemme hyvin valikoidusti p\u00e4\u00e4omasijoituksia. Sijoitustoiminnassa vastuullisuus huomioidaan kaikissa allokaatioissa ja pyrimme omalla sijoitustoiminnalla edist\u00e4m\u00e4\u00e4n kest\u00e4v\u00e4\u00e4 kehityst\u00e4. Vastuullinen sijoittaminen tarkoittaa, ett\u00e4 otamme sijoitusp\u00e4\u00e4t\u00f6ksi\u00e4 tehdess\u00e4mme huomioon taloudellisten n\u00e4k\u00f6kohtien lis\u00e4ksi my\u00f6s ymp\u00e4rist\u00f6n, sosiaalisen vastuun ja hyv\u00e4n hallinnon n\u00e4k\u00f6kulmat. Suka-yhti\u00f6iden sijoituskohteet koostuvat innovatiivisista suomalaisista laatu- [&hellip;]\" \/>\n<meta property=\"og:url\" content=\"https:\/\/suka.fi\/en\/sijoitustoiminta\/\" \/>\n<meta property=\"og:site_name\" content=\"SUKA-yhti\u00f6t\" \/>\n<meta property=\"article:modified_time\" content=\"2023-11-29T09:31:03+00:00\" \/>\n<meta property=\"og:image\" content=\"https:\/\/suka.fi\/wp-content\/uploads\/2021\/07\/willatehdascmyk_villatehdas.jpg\" \/>\n\t<meta property=\"og:image:width\" content=\"750\" \/>\n\t<meta property=\"og:image:height\" content=\"572\" \/>\n\t<meta property=\"og:image:type\" content=\"image\/jpeg\" \/>\n<meta name=\"twitter:card\" content=\"summary_large_image\" \/>\n<meta name=\"twitter:label1\" content=\"Est. reading time\" \/>\n\t<meta name=\"twitter:data1\" content=\"1 minute\" \/>\n<script type=\"application\/ld+json\" class=\"yoast-schema-graph\">{\"@context\":\"https:\/\/schema.org\",\"@graph\":[{\"@type\":\"WebPage\",\"@id\":\"https:\/\/suka.fi\/sijoitustoiminta\/\",\"url\":\"https:\/\/suka.fi\/sijoitustoiminta\/\",\"name\":\"Sijoitustoiminta - SUKA-yhti\u00f6t\",\"isPartOf\":{\"@id\":\"https:\/\/suka.fi\/#website\"},\"primaryImageOfPage\":{\"@id\":\"https:\/\/suka.fi\/sijoitustoiminta\/#primaryimage\"},\"image\":{\"@id\":\"https:\/\/suka.fi\/sijoitustoiminta\/#primaryimage\"},\"thumbnailUrl\":\"https:\/\/suka.fi\/wp-content\/uploads\/2021\/07\/willatehdascmyk_villatehdas.jpg\",\"datePublished\":\"2020-12-03T07:41:16+00:00\",\"dateModified\":\"2023-11-29T09:31:03+00:00\",\"breadcrumb\":{\"@id\":\"https:\/\/suka.fi\/sijoitustoiminta\/#breadcrumb\"},\"inLanguage\":\"en-US\",\"potentialAction\":[{\"@type\":\"ReadAction\",\"target\":[\"https:\/\/suka.fi\/sijoitustoiminta\/\"]}]},{\"@type\":\"ImageObject\",\"inLanguage\":\"en-US\",\"@id\":\"https:\/\/suka.fi\/sijoitustoiminta\/#primaryimage\",\"url\":\"https:\/\/suka.fi\/wp-content\/uploads\/2021\/07\/willatehdascmyk_villatehdas.jpg\",\"contentUrl\":\"https:\/\/suka.fi\/wp-content\/uploads\/2021\/07\/willatehdascmyk_villatehdas.jpg\",\"width\":1920,\"height\":1465},{\"@type\":\"BreadcrumbList\",\"@id\":\"https:\/\/suka.fi\/sijoitustoiminta\/#breadcrumb\",\"itemListElement\":[{\"@type\":\"ListItem\",\"position\":1,\"name\":\"Etusivu\",\"item\":\"https:\/\/suka.fi\/\"},{\"@type\":\"ListItem\",\"position\":2,\"name\":\"Sijoitustoiminta\"}]},{\"@type\":\"WebSite\",\"@id\":\"https:\/\/suka.fi\/#website\",\"url\":\"https:\/\/suka.fi\/\",\"name\":\"Suka-yhti\u00f6t\",\"description\":\"Sijoituksista ev\u00e4\u00e4t yrityksen kasvuun\",\"publisher\":{\"@id\":\"https:\/\/suka.fi\/#organization\"},\"potentialAction\":[{\"@type\":\"SearchAction\",\"target\":{\"@type\":\"EntryPoint\",\"urlTemplate\":\"https:\/\/suka.fi\/?s={search_term_string}\"},\"query-input\":{\"@type\":\"PropertyValueSpecification\",\"valueRequired\":true,\"valueName\":\"search_term_string\"}}],\"inLanguage\":\"en-US\"},{\"@type\":\"Organization\",\"@id\":\"https:\/\/suka.fi\/#organization\",\"name\":\"Suka Oy\",\"url\":\"https:\/\/suka.fi\/\",\"logo\":{\"@type\":\"ImageObject\",\"inLanguage\":\"en-US\",\"@id\":\"https:\/\/suka.fi\/#\/schema\/logo\/image\/\",\"url\":\"\",\"contentUrl\":\"\",\"caption\":\"Suka Oy\"},\"image\":{\"@id\":\"https:\/\/suka.fi\/#\/schema\/logo\/image\/\"}}]}<\/script>\n<!-- \/ Yoast SEO plugin. -->","yoast_head_json":{"title":"Sijoitustoiminta - SUKA-yhti\u00f6t","robots":{"index":"index","follow":"follow","max-snippet":"max-snippet:-1","max-image-preview":"max-image-preview:large","max-video-preview":"max-video-preview:-1"},"canonical":"https:\/\/suka.fi\/en\/sijoitustoiminta\/","og_locale":"en_US","og_type":"article","og_title":"Sijoitustoiminta - SUKA-yhti\u00f6t","og_description":"Sijoitamme ensisijaisesti kotimaisiin ja ulkomaisiin p\u00f6rssiyhti\u00f6ihin. Suorien osakesijoitusten lis\u00e4ksi teemme hyvin valikoidusti p\u00e4\u00e4omasijoituksia. Sijoitustoiminnassa vastuullisuus huomioidaan kaikissa allokaatioissa ja pyrimme omalla sijoitustoiminnalla edist\u00e4m\u00e4\u00e4n kest\u00e4v\u00e4\u00e4 kehityst\u00e4. Vastuullinen sijoittaminen tarkoittaa, ett\u00e4 otamme sijoitusp\u00e4\u00e4t\u00f6ksi\u00e4 tehdess\u00e4mme huomioon taloudellisten n\u00e4k\u00f6kohtien lis\u00e4ksi my\u00f6s ymp\u00e4rist\u00f6n, sosiaalisen vastuun ja hyv\u00e4n hallinnon n\u00e4k\u00f6kulmat. Suka-yhti\u00f6iden sijoituskohteet koostuvat innovatiivisista suomalaisista laatu- [&hellip;]","og_url":"https:\/\/suka.fi\/en\/sijoitustoiminta\/","og_site_name":"SUKA-yhti\u00f6t","article_modified_time":"2023-11-29T09:31:03+00:00","og_image":[{"url":"https:\/\/suka.fi\/wp-content\/uploads\/2021\/07\/willatehdascmyk_villatehdas.jpg","width":750,"height":572,"type":"image\/jpeg"}],"twitter_card":"summary_large_image","twitter_misc":{"Est. reading time":"1 minute"},"schema":{"@context":"https:\/\/schema.org","@graph":[{"@type":"WebPage","@id":"https:\/\/suka.fi\/sijoitustoiminta\/","url":"https:\/\/suka.fi\/sijoitustoiminta\/","name":"Sijoitustoiminta - SUKA-yhti\u00f6t","isPartOf":{"@id":"https:\/\/suka.fi\/#website"},"primaryImageOfPage":{"@id":"https:\/\/suka.fi\/sijoitustoiminta\/#primaryimage"},"image":{"@id":"https:\/\/suka.fi\/sijoitustoiminta\/#primaryimage"},"thumbnailUrl":"https:\/\/suka.fi\/wp-content\/uploads\/2021\/07\/willatehdascmyk_villatehdas.jpg","datePublished":"2020-12-03T07:41:16+00:00","dateModified":"2023-11-29T09:31:03+00:00","breadcrumb":{"@id":"https:\/\/suka.fi\/sijoitustoiminta\/#breadcrumb"},"inLanguage":"en-US","potentialAction":[{"@type":"ReadAction","target":["https:\/\/suka.fi\/sijoitustoiminta\/"]}]},{"@type":"ImageObject","inLanguage":"en-US","@id":"https:\/\/suka.fi\/sijoitustoiminta\/#primaryimage","url":"https:\/\/suka.fi\/wp-content\/uploads\/2021\/07\/willatehdascmyk_villatehdas.jpg","contentUrl":"https:\/\/suka.fi\/wp-content\/uploads\/2021\/07\/willatehdascmyk_villatehdas.jpg","width":1920,"height":1465},{"@type":"BreadcrumbList","@id":"https:\/\/suka.fi\/sijoitustoiminta\/#breadcrumb","itemListElement":[{"@type":"ListItem","position":1,"name":"Etusivu","item":"https:\/\/suka.fi\/"},{"@type":"ListItem","position":2,"name":"Sijoitustoiminta"}]},{"@type":"WebSite","@id":"https:\/\/suka.fi\/#website","url":"https:\/\/suka.fi\/","name":"Suka companies","description":"Sijoituksista ev\u00e4\u00e4t yrityksen kasvuun","publisher":{"@id":"https:\/\/suka.fi\/#organization"},"potentialAction":[{"@type":"SearchAction","target":{"@type":"EntryPoint","urlTemplate":"https:\/\/suka.fi\/?s={search_term_string}"},"query-input":{"@type":"PropertyValueSpecification","valueRequired":true,"valueName":"search_term_string"}}],"inLanguage":"en-US"},{"@type":"Organization","@id":"https:\/\/suka.fi\/#organization","name":"Suka Oy","url":"https:\/\/suka.fi\/","logo":{"@type":"ImageObject","inLanguage":"en-US","@id":"https:\/\/suka.fi\/#\/schema\/logo\/image\/","url":"","contentUrl":"","caption":"Suka Oy"},"image":{"@id":"https:\/\/suka.fi\/#\/schema\/logo\/image\/"}}]}},"_links":{"self":[{"href":"https:\/\/suka.fi\/en\/wp-json\/wp\/v2\/pages\/11","targetHints":{"allow":["GET"]}}],"collection":[{"href":"https:\/\/suka.fi\/en\/wp-json\/wp\/v2\/pages"}],"about":[{"href":"https:\/\/suka.fi\/en\/wp-json\/wp\/v2\/types\/page"}],"author":[{"embeddable":true,"href":"https:\/\/suka.fi\/en\/wp-json\/wp\/v2\/users\/1"}],"replies":[{"embeddable":true,"href":"https:\/\/suka.fi\/en\/wp-json\/wp\/v2\/comments?post=11"}],"version-history":[{"count":45,"href":"https:\/\/suka.fi\/en\/wp-json\/wp\/v2\/pages\/11\/revisions"}],"predecessor-version":[{"id":391,"href":"https:\/\/suka.fi\/en\/wp-json\/wp\/v2\/pages\/11\/revisions\/391"}],"wp:featuredmedia":[{"embeddable":true,"href":"https:\/\/suka.fi\/en\/wp-json\/wp\/v2\/media\/235"}],"wp:attachment":[{"href":"https:\/\/suka.fi\/en\/wp-json\/wp\/v2\/media?parent=11"}],"curies":[{"name":"wp","href":"https:\/\/api.w.org\/{rel}","templated":true}]}}