{"id":7,"date":"2020-12-03T07:40:43","date_gmt":"2020-12-03T07:40:43","guid":{"rendered":"https:\/\/suka.fi\/?page_id=7"},"modified":"2021-02-04T09:13:58","modified_gmt":"2021-02-04T09:13:58","slug":"etusivu","status":"publish","type":"page","link":"https:\/\/suka.fi\/en\/","title":{"rendered":"Frontpage"},"content":{"rendered":"<p><img fetchpriority=\"high\" decoding=\"async\" src=\"https:\/\/suka.fi\/wp-content\/uploads\/2021\/01\/GettyImages-1162508219.jpg\" alt=\"\" width=\"896\" height=\"390\" class=\"size-full wp-image-186 aligncenter\" \/><\/p>\n<h4 style=\"text-align: center;\">We invest responsibly, ethically and ecologically.<br \/>\nOur operations are\nguided<br \/>\nby the goal of creating sustainable, long-term value growth\nresponsibly.<br \/>\nThe Suka companies include Suka Invest Oy and Suka Oy.<\/h4>\n<hr \/>\n<p><img decoding=\"async\" src=\"https:\/\/suka.fi\/wp-content\/uploads\/2020\/12\/Kauppakamari.jpg\" alt=\"\" class=\"alignnone wp-image-47 aligncenter\" width=\"199\" height=\"49\" \/><br \/>\n<img decoding=\"async\" src=\"https:\/\/suka.fi\/wp-content\/uploads\/2020\/12\/logo_perheyritysten_liitto_2012.png\" alt=\"\" class=\"alignnone wp-image-48 aligncenter\" width=\"190\" height=\"104\" \/><br \/>\n<img loading=\"lazy\" decoding=\"async\" src=\"https:\/\/suka.fi\/wp-content\/uploads\/2021\/02\/sy-jasenyritysbanneri-fi_596.jpg\" alt=\"\" width=\"189\" height=\"94\" class=\"wp-image-211 aligncenter\" \/><\/p>","protected":false},"excerpt":{"rendered":"<p>Sijoitamme vastuullisesti, eettisesti ja ekologisesti. Toimintaamme ohjaa tavoite luoda kest\u00e4v\u00e4\u00e4, pitk\u00e4n aikav\u00e4lin arvonnousua vastuullisesti. Suka-yhti\u00f6ihin kuuluvat Suka Invest Oy sek\u00e4 Suka Oy.<\/p>","protected":false},"author":1,"featured_media":0,"parent":0,"menu_order":0,"comment_status":"closed","ping_status":"closed","template":"","meta":{"footnotes":""},"class_list":["post-7","page","type-page","status-publish","hentry"],"yoast_head":"<!-- This site is optimized with the Yoast SEO plugin v25.8 - https:\/\/yoast.com\/wordpress\/plugins\/seo\/ -->\n<title>Etusivu - SUKA-yhti\u00f6t<\/title>\n<meta name=\"robots\" content=\"index, follow, max-snippet:-1, max-image-preview:large, max-video-preview:-1\" \/>\n<link rel=\"canonical\" href=\"https:\/\/suka.fi\/en\/\" \/>\n<meta property=\"og:locale\" content=\"en_US\" \/>\n<meta property=\"og:type\" content=\"article\" \/>\n<meta property=\"og:title\" content=\"Etusivu - SUKA-yhti\u00f6t\" \/>\n<meta property=\"og:description\" content=\"Sijoitamme vastuullisesti, eettisesti ja ekologisesti. Toimintaamme ohjaa tavoite luoda kest\u00e4v\u00e4\u00e4, pitk\u00e4n aikav\u00e4lin arvonnousua vastuullisesti. Suka-yhti\u00f6ihin kuuluvat Suka Invest Oy sek\u00e4 Suka Oy.\" \/>\n<meta property=\"og:url\" content=\"https:\/\/suka.fi\/en\/\" \/>\n<meta property=\"og:site_name\" content=\"SUKA-yhti\u00f6t\" \/>\n<meta property=\"article:modified_time\" content=\"2021-02-04T09:13:58+00:00\" \/>\n<meta property=\"og:image\" content=\"https:\/\/suka.fi\/wp-content\/uploads\/2021\/01\/GettyImages-1162508219.jpg\" \/>\n<meta name=\"twitter:card\" content=\"summary_large_image\" \/>\n<meta name=\"twitter:label1\" content=\"Est. reading time\" \/>\n\t<meta name=\"twitter:data1\" content=\"1 minute\" \/>\n<script type=\"application\/ld+json\" class=\"yoast-schema-graph\">{\"@context\":\"https:\/\/schema.org\",\"@graph\":[{\"@type\":\"WebPage\",\"@id\":\"https:\/\/suka.fi\/\",\"url\":\"https:\/\/suka.fi\/\",\"name\":\"Etusivu - SUKA-yhti\u00f6t\",\"isPartOf\":{\"@id\":\"https:\/\/suka.fi\/#website\"},\"primaryImageOfPage\":{\"@id\":\"https:\/\/suka.fi\/#primaryimage\"},\"image\":{\"@id\":\"https:\/\/suka.fi\/#primaryimage\"},\"thumbnailUrl\":\"https:\/\/suka.fi\/wp-content\/uploads\/2021\/01\/GettyImages-1162508219.jpg\",\"datePublished\":\"2020-12-03T07:40:43+00:00\",\"dateModified\":\"2021-02-04T09:13:58+00:00\",\"breadcrumb\":{\"@id\":\"https:\/\/suka.fi\/#breadcrumb\"},\"inLanguage\":\"en-US\",\"potentialAction\":[{\"@type\":\"ReadAction\",\"target\":[\"https:\/\/suka.fi\/\"]}]},{\"@type\":\"ImageObject\",\"inLanguage\":\"en-US\",\"@id\":\"https:\/\/suka.fi\/#primaryimage\",\"url\":\"https:\/\/suka.fi\/wp-content\/uploads\/2021\/01\/GettyImages-1162508219.jpg\",\"contentUrl\":\"https:\/\/suka.fi\/wp-content\/uploads\/2021\/01\/GettyImages-1162508219.jpg\"},{\"@type\":\"BreadcrumbList\",\"@id\":\"https:\/\/suka.fi\/#breadcrumb\",\"itemListElement\":[{\"@type\":\"ListItem\",\"position\":1,\"name\":\"Etusivu\",\"item\":\"https:\/\/suka.fi\/\"},{\"@type\":\"ListItem\",\"position\":2,\"name\":\"Etusivu\"}]},{\"@type\":\"WebSite\",\"@id\":\"https:\/\/suka.fi\/#website\",\"url\":\"https:\/\/suka.fi\/\",\"name\":\"Suka-yhti\u00f6t\",\"description\":\"Sijoituksista ev\u00e4\u00e4t yrityksen kasvuun\",\"publisher\":{\"@id\":\"https:\/\/suka.fi\/#organization\"},\"potentialAction\":[{\"@type\":\"SearchAction\",\"target\":{\"@type\":\"EntryPoint\",\"urlTemplate\":\"https:\/\/suka.fi\/?s={search_term_string}\"},\"query-input\":{\"@type\":\"PropertyValueSpecification\",\"valueRequired\":true,\"valueName\":\"search_term_string\"}}],\"inLanguage\":\"en-US\"},{\"@type\":\"Organization\",\"@id\":\"https:\/\/suka.fi\/#organization\",\"name\":\"Suka Oy\",\"url\":\"https:\/\/suka.fi\/\",\"logo\":{\"@type\":\"ImageObject\",\"inLanguage\":\"en-US\",\"@id\":\"https:\/\/suka.fi\/#\/schema\/logo\/image\/\",\"url\":\"\",\"contentUrl\":\"\",\"caption\":\"Suka Oy\"},\"image\":{\"@id\":\"https:\/\/suka.fi\/#\/schema\/logo\/image\/\"}}]}<\/script>\n<!-- \/ Yoast SEO plugin. -->","yoast_head_json":{"title":"Etusivu - SUKA-yhti\u00f6t","robots":{"index":"index","follow":"follow","max-snippet":"max-snippet:-1","max-image-preview":"max-image-preview:large","max-video-preview":"max-video-preview:-1"},"canonical":"https:\/\/suka.fi\/en\/","og_locale":"en_US","og_type":"article","og_title":"Etusivu - SUKA-yhti\u00f6t","og_description":"Sijoitamme vastuullisesti, eettisesti ja ekologisesti. Toimintaamme ohjaa tavoite luoda kest\u00e4v\u00e4\u00e4, pitk\u00e4n aikav\u00e4lin arvonnousua vastuullisesti. Suka-yhti\u00f6ihin kuuluvat Suka Invest Oy sek\u00e4 Suka Oy.","og_url":"https:\/\/suka.fi\/en\/","og_site_name":"SUKA-yhti\u00f6t","article_modified_time":"2021-02-04T09:13:58+00:00","og_image":[{"url":"https:\/\/suka.fi\/wp-content\/uploads\/2021\/01\/GettyImages-1162508219.jpg","type":"","width":"","height":""}],"twitter_card":"summary_large_image","twitter_misc":{"Est. reading time":"1 minute"},"schema":{"@context":"https:\/\/schema.org","@graph":[{"@type":"WebPage","@id":"https:\/\/suka.fi\/","url":"https:\/\/suka.fi\/","name":"Etusivu - SUKA-yhti\u00f6t","isPartOf":{"@id":"https:\/\/suka.fi\/#website"},"primaryImageOfPage":{"@id":"https:\/\/suka.fi\/#primaryimage"},"image":{"@id":"https:\/\/suka.fi\/#primaryimage"},"thumbnailUrl":"https:\/\/suka.fi\/wp-content\/uploads\/2021\/01\/GettyImages-1162508219.jpg","datePublished":"2020-12-03T07:40:43+00:00","dateModified":"2021-02-04T09:13:58+00:00","breadcrumb":{"@id":"https:\/\/suka.fi\/#breadcrumb"},"inLanguage":"en-US","potentialAction":[{"@type":"ReadAction","target":["https:\/\/suka.fi\/"]}]},{"@type":"ImageObject","inLanguage":"en-US","@id":"https:\/\/suka.fi\/#primaryimage","url":"https:\/\/suka.fi\/wp-content\/uploads\/2021\/01\/GettyImages-1162508219.jpg","contentUrl":"https:\/\/suka.fi\/wp-content\/uploads\/2021\/01\/GettyImages-1162508219.jpg"},{"@type":"BreadcrumbList","@id":"https:\/\/suka.fi\/#breadcrumb","itemListElement":[{"@type":"ListItem","position":1,"name":"Etusivu","item":"https:\/\/suka.fi\/"},{"@type":"ListItem","position":2,"name":"Etusivu"}]},{"@type":"WebSite","@id":"https:\/\/suka.fi\/#website","url":"https:\/\/suka.fi\/","name":"Suka companies","description":"Sijoituksista ev\u00e4\u00e4t yrityksen kasvuun","publisher":{"@id":"https:\/\/suka.fi\/#organization"},"potentialAction":[{"@type":"SearchAction","target":{"@type":"EntryPoint","urlTemplate":"https:\/\/suka.fi\/?s={search_term_string}"},"query-input":{"@type":"PropertyValueSpecification","valueRequired":true,"valueName":"search_term_string"}}],"inLanguage":"en-US"},{"@type":"Organization","@id":"https:\/\/suka.fi\/#organization","name":"Suka Oy","url":"https:\/\/suka.fi\/","logo":{"@type":"ImageObject","inLanguage":"en-US","@id":"https:\/\/suka.fi\/#\/schema\/logo\/image\/","url":"","contentUrl":"","caption":"Suka Oy"},"image":{"@id":"https:\/\/suka.fi\/#\/schema\/logo\/image\/"}}]}},"_links":{"self":[{"href":"https:\/\/suka.fi\/en\/wp-json\/wp\/v2\/pages\/7","targetHints":{"allow":["GET"]}}],"collection":[{"href":"https:\/\/suka.fi\/en\/wp-json\/wp\/v2\/pages"}],"about":[{"href":"https:\/\/suka.fi\/en\/wp-json\/wp\/v2\/types\/page"}],"author":[{"embeddable":true,"href":"https:\/\/suka.fi\/en\/wp-json\/wp\/v2\/users\/1"}],"replies":[{"embeddable":true,"href":"https:\/\/suka.fi\/en\/wp-json\/wp\/v2\/comments?post=7"}],"version-history":[{"count":22,"href":"https:\/\/suka.fi\/en\/wp-json\/wp\/v2\/pages\/7\/revisions"}],"predecessor-version":[{"id":212,"href":"https:\/\/suka.fi\/en\/wp-json\/wp\/v2\/pages\/7\/revisions\/212"}],"wp:attachment":[{"href":"https:\/\/suka.fi\/en\/wp-json\/wp\/v2\/media?parent=7"}],"curies":[{"name":"wp","href":"https:\/\/api.w.org\/{rel}","templated":true}]}}