{"id":9,"date":"2020-12-03T07:40:51","date_gmt":"2020-12-03T07:40:51","guid":{"rendered":"https:\/\/suka.fi\/?page_id=9"},"modified":"2022-01-04T15:02:27","modified_gmt":"2022-01-04T15:02:27","slug":"yhtio","status":"publish","type":"page","link":"https:\/\/suka.fi\/en\/yhtio\/","title":{"rendered":"The company"},"content":{"rendered":"<h2>Family business and long term, committed owner<\/h2>\n<p>SUKA yhti\u00f6t have their roots in retail business. In 1980, Tarjoustalo Oy was founded, a Finnish discount store chain that became part of Tokmanni.<\/p>\n<p>Tarjoustalo was founded by Arja and Kari Hautanen in 1980. The first store of Tarjoustalo chain was opened on H\u00e4meenkatu in Hyvink\u00e4\u00e4.<\/p>\n<p>Tarjoustalo-ketju laajentui tasaisesti aluksi etel\u00e4iseen Suomeen ja my\u00f6hemmin Varsinais-Suomen alueelle. Tarjoustalo kasvoi 1990- luvun alun lamaan menness\u00e4 Suomen 500 suurimman yrityksen joukkoon.<\/p>\n<p>In 2005, Tarjoustalo was merged into Tokmanni. Today we are a Finnish family-owned investment company.<o:p><\/o:p><\/p>\n<p style=\"margin: 0cm 0cm 0.0001pt; font-size: medium; font-family: Calibri, sans-serif; caret-color: #000000; color: #000000; text-align: start;\"><b><o:p>\u00a0<\/o:p><\/b>\u00a0<img fetchpriority=\"high\" decoding=\"async\" src=\"https:\/\/suka.fi\/wp-content\/uploads\/2021\/01\/GettyImages-1177653021.jpg\" alt=\"\" width=\"683\" height=\"512\" style=\"font-size: inherit; text-align: center; color: #3c4858; font-family: Arial, Helvetica, sans-serif;\" \/><\/p>","protected":false},"excerpt":{"rendered":"<p>Perheyritys\u00a0ja\u00a0pitk\u00e4j\u00e4nteinen\u00a0omistaja Suka- yhti\u00f6iden juuret ovat v\u00e4hitt\u00e4iskauppatoiminnassa. Vuonna 1980 perustettiin Tarjoustalo Oy, suomalainen halpakauppaketju, joka on nykyisin osa Tokmannia. Tarjoustalon perustivat Arja ja Kari Hautanen vuonna 1980.\u00a0\u00a0Ensimm\u00e4inen Tarjoustalo-ketjun myym\u00e4l\u00e4 avattiin Hyvink\u00e4\u00e4n H\u00e4meenkadulle. Tarjoustalo-ketju laajentui tasaisesti aluksi etel\u00e4iseen Suomeen ja my\u00f6hemmin Varsinais-Suomen alueelle. Tarjoustalo kasvoi 1990- luvun alun lamaan menness\u00e4 Suomen 500 [&hellip;]<\/p>\n","protected":false},"author":1,"featured_media":191,"parent":0,"menu_order":0,"comment_status":"closed","ping_status":"closed","template":"","meta":{"footnotes":""},"class_list":["post-9","page","type-page","status-publish","has-post-thumbnail","hentry"],"yoast_head":"<!-- This site is optimized with the Yoast SEO plugin v25.8 - https:\/\/yoast.com\/wordpress\/plugins\/seo\/ -->\n<title>Yhti\u00f6 - SUKA-yhti\u00f6t<\/title>\n<meta name=\"robots\" content=\"index, follow, max-snippet:-1, max-image-preview:large, max-video-preview:-1\" \/>\n<link rel=\"canonical\" href=\"https:\/\/suka.fi\/en\/yhtio\/\" \/>\n<meta property=\"og:locale\" content=\"en_US\" \/>\n<meta property=\"og:type\" content=\"article\" \/>\n<meta property=\"og:title\" content=\"Yhti\u00f6 - SUKA-yhti\u00f6t\" \/>\n<meta property=\"og:description\" content=\"Perheyritys\u00a0ja\u00a0pitk\u00e4j\u00e4nteinen\u00a0omistaja Suka- yhti\u00f6iden juuret ovat v\u00e4hitt\u00e4iskauppatoiminnassa. Vuonna 1980 perustettiin Tarjoustalo Oy, suomalainen halpakauppaketju, joka on nykyisin osa Tokmannia. Tarjoustalon perustivat Arja ja Kari Hautanen vuonna 1980.\u00a0\u00a0Ensimm\u00e4inen Tarjoustalo-ketjun myym\u00e4l\u00e4 avattiin Hyvink\u00e4\u00e4n H\u00e4meenkadulle. Tarjoustalo-ketju laajentui tasaisesti aluksi etel\u00e4iseen Suomeen ja my\u00f6hemmin Varsinais-Suomen alueelle. Tarjoustalo kasvoi 1990- luvun alun lamaan menness\u00e4 Suomen 500 [&hellip;]\" \/>\n<meta property=\"og:url\" content=\"https:\/\/suka.fi\/en\/yhtio\/\" \/>\n<meta property=\"og:site_name\" content=\"SUKA-yhti\u00f6t\" \/>\n<meta property=\"article:modified_time\" content=\"2022-01-04T15:02:27+00:00\" \/>\n<meta property=\"og:image\" content=\"https:\/\/suka.fi\/wp-content\/uploads\/2021\/01\/10926855_m.jpg\" \/>\n\t<meta property=\"og:image:width\" content=\"3486\" \/>\n\t<meta property=\"og:image:height\" content=\"1203\" \/>\n\t<meta property=\"og:image:type\" content=\"image\/jpeg\" \/>\n<meta name=\"twitter:card\" content=\"summary_large_image\" \/>\n<meta name=\"twitter:label1\" content=\"Est. reading time\" \/>\n\t<meta name=\"twitter:data1\" content=\"1 minute\" \/>\n<script type=\"application\/ld+json\" class=\"yoast-schema-graph\">{\"@context\":\"https:\/\/schema.org\",\"@graph\":[{\"@type\":\"WebPage\",\"@id\":\"https:\/\/suka.fi\/yhtio\/\",\"url\":\"https:\/\/suka.fi\/yhtio\/\",\"name\":\"Yhti\u00f6 - SUKA-yhti\u00f6t\",\"isPartOf\":{\"@id\":\"https:\/\/suka.fi\/#website\"},\"primaryImageOfPage\":{\"@id\":\"https:\/\/suka.fi\/yhtio\/#primaryimage\"},\"image\":{\"@id\":\"https:\/\/suka.fi\/yhtio\/#primaryimage\"},\"thumbnailUrl\":\"https:\/\/suka.fi\/wp-content\/uploads\/2021\/01\/10926855_m.jpg\",\"datePublished\":\"2020-12-03T07:40:51+00:00\",\"dateModified\":\"2022-01-04T15:02:27+00:00\",\"breadcrumb\":{\"@id\":\"https:\/\/suka.fi\/yhtio\/#breadcrumb\"},\"inLanguage\":\"en-US\",\"potentialAction\":[{\"@type\":\"ReadAction\",\"target\":[\"https:\/\/suka.fi\/yhtio\/\"]}]},{\"@type\":\"ImageObject\",\"inLanguage\":\"en-US\",\"@id\":\"https:\/\/suka.fi\/yhtio\/#primaryimage\",\"url\":\"https:\/\/suka.fi\/wp-content\/uploads\/2021\/01\/10926855_m.jpg\",\"contentUrl\":\"https:\/\/suka.fi\/wp-content\/uploads\/2021\/01\/10926855_m.jpg\",\"width\":1920,\"height\":663,\"caption\":\"Suka-yhti\u00f6t\"},{\"@type\":\"BreadcrumbList\",\"@id\":\"https:\/\/suka.fi\/yhtio\/#breadcrumb\",\"itemListElement\":[{\"@type\":\"ListItem\",\"position\":1,\"name\":\"Etusivu\",\"item\":\"https:\/\/suka.fi\/\"},{\"@type\":\"ListItem\",\"position\":2,\"name\":\"Yhti\u00f6\"}]},{\"@type\":\"WebSite\",\"@id\":\"https:\/\/suka.fi\/#website\",\"url\":\"https:\/\/suka.fi\/\",\"name\":\"Suka-yhti\u00f6t\",\"description\":\"Sijoituksista ev\u00e4\u00e4t yrityksen kasvuun\",\"publisher\":{\"@id\":\"https:\/\/suka.fi\/#organization\"},\"potentialAction\":[{\"@type\":\"SearchAction\",\"target\":{\"@type\":\"EntryPoint\",\"urlTemplate\":\"https:\/\/suka.fi\/?s={search_term_string}\"},\"query-input\":{\"@type\":\"PropertyValueSpecification\",\"valueRequired\":true,\"valueName\":\"search_term_string\"}}],\"inLanguage\":\"en-US\"},{\"@type\":\"Organization\",\"@id\":\"https:\/\/suka.fi\/#organization\",\"name\":\"Suka Oy\",\"url\":\"https:\/\/suka.fi\/\",\"logo\":{\"@type\":\"ImageObject\",\"inLanguage\":\"en-US\",\"@id\":\"https:\/\/suka.fi\/#\/schema\/logo\/image\/\",\"url\":\"\",\"contentUrl\":\"\",\"caption\":\"Suka Oy\"},\"image\":{\"@id\":\"https:\/\/suka.fi\/#\/schema\/logo\/image\/\"}}]}<\/script>\n<!-- \/ Yoast SEO plugin. -->","yoast_head_json":{"title":"Yhti\u00f6 - SUKA-yhti\u00f6t","robots":{"index":"index","follow":"follow","max-snippet":"max-snippet:-1","max-image-preview":"max-image-preview:large","max-video-preview":"max-video-preview:-1"},"canonical":"https:\/\/suka.fi\/en\/yhtio\/","og_locale":"en_US","og_type":"article","og_title":"Yhti\u00f6 - SUKA-yhti\u00f6t","og_description":"Perheyritys\u00a0ja\u00a0pitk\u00e4j\u00e4nteinen\u00a0omistaja Suka- yhti\u00f6iden juuret ovat v\u00e4hitt\u00e4iskauppatoiminnassa. Vuonna 1980 perustettiin Tarjoustalo Oy, suomalainen halpakauppaketju, joka on nykyisin osa Tokmannia. Tarjoustalon perustivat Arja ja Kari Hautanen vuonna 1980.\u00a0\u00a0Ensimm\u00e4inen Tarjoustalo-ketjun myym\u00e4l\u00e4 avattiin Hyvink\u00e4\u00e4n H\u00e4meenkadulle. Tarjoustalo-ketju laajentui tasaisesti aluksi etel\u00e4iseen Suomeen ja my\u00f6hemmin Varsinais-Suomen alueelle. Tarjoustalo kasvoi 1990- luvun alun lamaan menness\u00e4 Suomen 500 [&hellip;]","og_url":"https:\/\/suka.fi\/en\/yhtio\/","og_site_name":"SUKA-yhti\u00f6t","article_modified_time":"2022-01-04T15:02:27+00:00","og_image":[{"width":3486,"height":1203,"url":"https:\/\/suka.fi\/wp-content\/uploads\/2021\/01\/10926855_m.jpg","type":"image\/jpeg"}],"twitter_card":"summary_large_image","twitter_misc":{"Est. reading time":"1 minute"},"schema":{"@context":"https:\/\/schema.org","@graph":[{"@type":"WebPage","@id":"https:\/\/suka.fi\/yhtio\/","url":"https:\/\/suka.fi\/yhtio\/","name":"Yhti\u00f6 - SUKA-yhti\u00f6t","isPartOf":{"@id":"https:\/\/suka.fi\/#website"},"primaryImageOfPage":{"@id":"https:\/\/suka.fi\/yhtio\/#primaryimage"},"image":{"@id":"https:\/\/suka.fi\/yhtio\/#primaryimage"},"thumbnailUrl":"https:\/\/suka.fi\/wp-content\/uploads\/2021\/01\/10926855_m.jpg","datePublished":"2020-12-03T07:40:51+00:00","dateModified":"2022-01-04T15:02:27+00:00","breadcrumb":{"@id":"https:\/\/suka.fi\/yhtio\/#breadcrumb"},"inLanguage":"en-US","potentialAction":[{"@type":"ReadAction","target":["https:\/\/suka.fi\/yhtio\/"]}]},{"@type":"ImageObject","inLanguage":"en-US","@id":"https:\/\/suka.fi\/yhtio\/#primaryimage","url":"https:\/\/suka.fi\/wp-content\/uploads\/2021\/01\/10926855_m.jpg","contentUrl":"https:\/\/suka.fi\/wp-content\/uploads\/2021\/01\/10926855_m.jpg","width":1920,"height":663,"caption":"Suka-yhti\u00f6t"},{"@type":"BreadcrumbList","@id":"https:\/\/suka.fi\/yhtio\/#breadcrumb","itemListElement":[{"@type":"ListItem","position":1,"name":"Etusivu","item":"https:\/\/suka.fi\/"},{"@type":"ListItem","position":2,"name":"Yhti\u00f6"}]},{"@type":"WebSite","@id":"https:\/\/suka.fi\/#website","url":"https:\/\/suka.fi\/","name":"Suka companies","description":"Sijoituksista ev\u00e4\u00e4t yrityksen kasvuun","publisher":{"@id":"https:\/\/suka.fi\/#organization"},"potentialAction":[{"@type":"SearchAction","target":{"@type":"EntryPoint","urlTemplate":"https:\/\/suka.fi\/?s={search_term_string}"},"query-input":{"@type":"PropertyValueSpecification","valueRequired":true,"valueName":"search_term_string"}}],"inLanguage":"en-US"},{"@type":"Organization","@id":"https:\/\/suka.fi\/#organization","name":"Suka Oy","url":"https:\/\/suka.fi\/","logo":{"@type":"ImageObject","inLanguage":"en-US","@id":"https:\/\/suka.fi\/#\/schema\/logo\/image\/","url":"","contentUrl":"","caption":"Suka Oy"},"image":{"@id":"https:\/\/suka.fi\/#\/schema\/logo\/image\/"}}]}},"_links":{"self":[{"href":"https:\/\/suka.fi\/en\/wp-json\/wp\/v2\/pages\/9","targetHints":{"allow":["GET"]}}],"collection":[{"href":"https:\/\/suka.fi\/en\/wp-json\/wp\/v2\/pages"}],"about":[{"href":"https:\/\/suka.fi\/en\/wp-json\/wp\/v2\/types\/page"}],"author":[{"embeddable":true,"href":"https:\/\/suka.fi\/en\/wp-json\/wp\/v2\/users\/1"}],"replies":[{"embeddable":true,"href":"https:\/\/suka.fi\/en\/wp-json\/wp\/v2\/comments?post=9"}],"version-history":[{"count":34,"href":"https:\/\/suka.fi\/en\/wp-json\/wp\/v2\/pages\/9\/revisions"}],"predecessor-version":[{"id":311,"href":"https:\/\/suka.fi\/en\/wp-json\/wp\/v2\/pages\/9\/revisions\/311"}],"wp:featuredmedia":[{"embeddable":true,"href":"https:\/\/suka.fi\/en\/wp-json\/wp\/v2\/media\/191"}],"wp:attachment":[{"href":"https:\/\/suka.fi\/en\/wp-json\/wp\/v2\/media?parent=9"}],"curies":[{"name":"wp","href":"https:\/\/api.w.org\/{rel}","templated":true}]}}